{"id":83,"date":"2023-08-01T09:14:50","date_gmt":"2023-08-01T09:14:50","guid":{"rendered":"https:\/\/themedox.com\/gerow\/?page_id=83"},"modified":"2024-04-19T12:17:28","modified_gmt":"2024-04-19T11:17:28","slug":"our-services","status":"publish","type":"page","link":"http:\/\/atefhamrouni.com\/ar\/our-services\/","title":{"rendered":"Our Services"},"content":{"rendered":"<div data-elementor-type=\"wp-page\" data-elementor-id=\"83\" class=\"elementor elementor-83\" data-elementor-post-type=\"page\">\n\t\t\t\t\t\t<section class=\"elementor-section elementor-top-section elementor-element elementor-element-998c8a3 elementor-section-boxed elementor-section-height-default elementor-section-height-default\" data-id=\"998c8a3\" data-element_type=\"section\" data-e-type=\"section\" data-settings=\"{&quot;background_background&quot;:&quot;classic&quot;}\">\n\t\t\t\t\t\t<div class=\"elementor-container elementor-column-gap-no\">\n\t\t\t\t\t<div class=\"elementor-column elementor-col-100 elementor-top-column elementor-element elementor-element-556056ae\" data-id=\"556056ae\" data-element_type=\"column\" data-e-type=\"column\">\n\t\t\t<div class=\"elementor-widget-wrap elementor-element-populated\">\n\t\t\t\t\t\t<section class=\"elementor-section elementor-inner-section elementor-element elementor-element-4748b32d elementor-section-full_width elementor-section-content-middle elementor-section-height-default elementor-section-height-default\" data-id=\"4748b32d\" data-element_type=\"section\" data-e-type=\"section\">\n\t\t\t\t\t\t<div class=\"elementor-container elementor-column-gap-no\">\n\t\t\t\t\t<div class=\"elementor-column elementor-col-50 elementor-inner-column elementor-element elementor-element-4301c56\" data-id=\"4301c56\" data-element_type=\"column\" data-e-type=\"column\">\n\t\t\t<div class=\"elementor-widget-wrap elementor-element-populated\">\n\t\t\t\t\t\t<div class=\"elementor-element elementor-element-aabbf40 elementor-widget__width-initial sub-title elementor-widget elementor-widget-heading\" data-id=\"aabbf40\" data-element_type=\"widget\" data-e-type=\"widget\" data-widget_type=\"heading.default\">\n\t\t\t\t<div class=\"elementor-widget-container\">\n\t\t\t\t\t<h2 class=\"elementor-heading-title elementor-size-default\">Mes services<\/h2>\t\t\t\t<\/div>\n\t\t\t\t<\/div>\n\t\t\t\t<div class=\"elementor-element elementor-element-67a7d30 elementor-widget elementor-widget-heading\" data-id=\"67a7d30\" data-element_type=\"widget\" data-e-type=\"widget\" data-widget_type=\"heading.default\">\n\t\t\t\t<div class=\"elementor-widget-container\">\n\t\t\t\t\t<h2 class=\"elementor-heading-title elementor-size-default\">On vous propose plusieurs services pour votre vie personnelle et aux entreprises<\/h2>\t\t\t\t<\/div>\n\t\t\t\t<\/div>\n\t\t\t\t\t<\/div>\n\t\t<\/div>\n\t\t\t\t<div class=\"elementor-column elementor-col-50 elementor-inner-column elementor-element elementor-element-14ab3e1d\" data-id=\"14ab3e1d\" data-element_type=\"column\" data-e-type=\"column\">\n\t\t\t<div class=\"elementor-widget-wrap elementor-element-populated\">\n\t\t\t\t\t\t<div class=\"elementor-element elementor-element-1947f965 elementor-widget elementor-widget-tg-btn\" data-id=\"1947f965\" data-element_type=\"widget\" data-e-type=\"widget\" data-widget_type=\"tg-btn.default\">\n\t\t\t\t<div class=\"elementor-widget-container\">\n\t\t\t\t\t\r\n        \r\n                            <a href=\"http:\/\/atefhamrouni.com\/ar\/contact-us\/\" target=\"_self\" rel=\"nofollow\" class=\"btn\">\r\n                    Contactez-nous                <\/a>\r\n            \r\n        \r\n\t\t\t\t<\/div>\n\t\t\t\t<\/div>\n\t\t\t\t\t<\/div>\n\t\t<\/div>\n\t\t\t\t\t<\/div>\n\t\t<\/section>\n\t\t\t\t<section class=\"elementor-section elementor-inner-section elementor-element elementor-element-2731cbd8 elementor-section-full_width elementor-section-height-default elementor-section-height-default\" data-id=\"2731cbd8\" data-element_type=\"section\" data-e-type=\"section\">\n\t\t\t\t\t\t<div class=\"elementor-container elementor-column-gap-no\">\n\t\t\t\t\t<div class=\"elementor-column elementor-col-100 elementor-inner-column elementor-element elementor-element-4c3996c9\" data-id=\"4c3996c9\" data-element_type=\"column\" data-e-type=\"column\">\n\t\t\t<div class=\"elementor-widget-wrap elementor-element-populated\">\n\t\t\t\t\t\t<div class=\"elementor-element elementor-element-d351842 elementor-widget elementor-widget-tg-servicesBox\" data-id=\"d351842\" data-element_type=\"widget\" data-e-type=\"widget\" data-widget_type=\"tg-servicesBox.default\">\n\t\t\t\t<div class=\"elementor-widget-container\">\n\t\t\t\t\t\r\n        \r\n            <div class=\"row justify-content-center\">\r\n                \r\n                                            <div class=\"col-xl-3 col-lg-4 col-md-6 col-sm-8\">\r\n                            <div class=\"services-item-two\">\r\n                                <div class=\"services-thumb-two\">\r\n                                    <img decoding=\"async\" src=\"https:\/\/atefhamrouni.com\/wp-content\/uploads\/2024\/04\/chuttersnap-cX2vElQ5aHk-unsplash-scaled.webp\" alt=\"Image\">\r\n\r\n                                                                    <\/div>\r\n                                <div class=\"services-content-two\">\r\n                                                                        <h2 class=\"title\"><a href=\"http:\/\/atefhamrouni.com\/ar\/services\/formations-en-developpement-des-soft-social-skills\/\">Formations en d\u00e9veloppement des Soft &#038; Social Skills<\/a><\/h2>\r\n                                                                    <\/div>\r\n                            <\/div>\r\n                        <\/div>\r\n                    \r\n                \r\n                                            <div class=\"col-xl-3 col-lg-4 col-md-6 col-sm-8\">\r\n                            <div class=\"services-item-two\">\r\n                                <div class=\"services-thumb-two\">\r\n                                    <img decoding=\"async\" src=\"https:\/\/atefhamrouni.com\/wp-content\/uploads\/2024\/04\/miguel-henriques-E0bIdzi8zoQ-unsplash-scaled.webp\" alt=\"Image\">\r\n\r\n                                                                    <\/div>\r\n                                <div class=\"services-content-two\">\r\n                                                                        <h2 class=\"title\"><a href=\"http:\/\/atefhamrouni.com\/ar\/services\/animation-des-evenements-et-conferences\/\">Animation des \u00e9v\u00e9nements et conf\u00e9rences<\/a><\/h2>\r\n                                                                    <\/div>\r\n                            <\/div>\r\n                        <\/div>\r\n                    \r\n                \r\n                                            <div class=\"col-xl-3 col-lg-4 col-md-6 col-sm-8\">\r\n                            <div class=\"services-item-two\">\r\n                                <div class=\"services-thumb-two\">\r\n                                    <img decoding=\"async\" src=\"https:\/\/atefhamrouni.com\/wp-content\/uploads\/2024\/04\/ioann-mark-kuznietsov-IS7WfX_f_ug-unsplash-scaled.webp\" alt=\"Image\">\r\n\r\n                                                                    <\/div>\r\n                                <div class=\"services-content-two\">\r\n                                                                        <h2 class=\"title\"><a href=\"http:\/\/atefhamrouni.com\/ar\/services\/animation-des-evenements-manifestations\/\">Animation des \u00e9v\u00e9nements &#038; Manifestations<\/a><\/h2>\r\n                                                                    <\/div>\r\n                            <\/div>\r\n                        <\/div>\r\n                    \r\n                \r\n                                            <div class=\"col-xl-3 col-lg-4 col-md-6 col-sm-8\">\r\n                            <div class=\"services-item-two\">\r\n                                <div class=\"services-thumb-two\">\r\n                                    <img decoding=\"async\" src=\"https:\/\/atefhamrouni.com\/wp-content\/uploads\/2024\/04\/elissa-garcia-ckVjMurwKIs-unsplash-scaled.webp\" alt=\"Image\">\r\n\r\n                                                                    <\/div>\r\n                                <div class=\"services-content-two\">\r\n                                                                        <h2 class=\"title\"><a href=\"http:\/\/atefhamrouni.com\/ar\/services\/coaching-des-leaders-influenceurs\/\">Coaching des Leaders &#038; influenceurs<\/a><\/h2>\r\n                                                                    <\/div>\r\n                            <\/div>\r\n                        <\/div>\r\n                    \r\n                \r\n                                            <div class=\"col-xl-3 col-lg-4 col-md-6 col-sm-8\">\r\n                            <div class=\"services-item-two\">\r\n                                <div class=\"services-thumb-two\">\r\n                                    <img decoding=\"async\" src=\"https:\/\/atefhamrouni.com\/wp-content\/uploads\/2024\/04\/WhatsApp-Image-2024-03-26-a-23.10.53_d2e1cfa1.webp\" alt=\"Image\">\r\n\r\n                                                                    <\/div>\r\n                                <div class=\"services-content-two\">\r\n                                                                        <h2 class=\"title\"><a href=\"http:\/\/atefhamrouni.com\/ar\/services\/formation-coaching-en-prise-de-parole-en-public\/\">Formation &#038; Coaching en prise de parole en public<\/a><\/h2>\r\n                                                                    <\/div>\r\n                            <\/div>\r\n                        <\/div>\r\n                    \r\n                \r\n                                            <div class=\"col-xl-3 col-lg-4 col-md-6 col-sm-8\">\r\n                            <div class=\"services-item-two\">\r\n                                <div class=\"services-thumb-two\">\r\n                                    <img decoding=\"async\" src=\"https:\/\/atefhamrouni.com\/wp-content\/uploads\/2023\/08\/services06-1.jpg\" alt=\"Image\">\r\n\r\n                                                                    <\/div>\r\n                                <div class=\"services-content-two\">\r\n                                                                        <h2 class=\"title\"><a href=\"http:\/\/atefhamrouni.com\/ar\/services\/consultations-personnelles\/\">Consultations personnelles<\/a><\/h2>\r\n                                                                    <\/div>\r\n                            <\/div>\r\n                        <\/div>\r\n                    \r\n                \r\n                                            <div class=\"col-xl-3 col-lg-4 col-md-6 col-sm-8\">\r\n                            <div class=\"services-item-two\">\r\n                                <div class=\"services-thumb-two\">\r\n                                    <img decoding=\"async\" src=\"https:\/\/atefhamrouni.com\/wp-content\/uploads\/2024\/04\/austin-distel-wD1LRb9OeEo-unsplash-scaled.jpg\" alt=\"Image\">\r\n\r\n                                                                    <\/div>\r\n                                <div class=\"services-content-two\">\r\n                                                                        <h2 class=\"title\"><a href=\"http:\/\/atefhamrouni.com\/ar\/services\/animation-des-evenements-team-building\/\">Animation des \u00e9v\u00e9nements Team Building<\/a><\/h2>\r\n                                                                    <\/div>\r\n                            <\/div>\r\n                        <\/div>\r\n                    \r\n                \r\n                                            <div class=\"col-xl-3 col-lg-4 col-md-6 col-sm-8\">\r\n                            <div class=\"services-item-two\">\r\n                                <div class=\"services-thumb-two\">\r\n                                    <img decoding=\"async\" src=\"https:\/\/atefhamrouni.com\/wp-content\/uploads\/2024\/04\/417440310_914765173380335_3857459253104954511_n.webp\" alt=\"Image\">\r\n\r\n                                                                    <\/div>\r\n                                <div class=\"services-content-two\">\r\n                                                                        <h2 class=\"title\"><a href=\"http:\/\/atefhamrouni.com\/ar\/services\/animation-des-evenement-de-motivation-des-employes\/\">Animation des \u00e9v\u00e9nement de Motivation des employ\u00e9s<\/a><\/h2>\r\n                                                                    <\/div>\r\n                            <\/div>\r\n                        <\/div>\r\n                    \r\n                \r\n                    \r\n                            <\/div>\r\n\r\n        \r\n\t\t\t\t<\/div>\n\t\t\t\t<\/div>\n\t\t\t\t\t<\/div>\n\t\t<\/div>\n\t\t\t\t\t<\/div>\n\t\t<\/section>\n\t\t\t\t\t<\/div>\n\t\t<\/div>\n\t\t\t\t\t<\/div>\n\t\t<\/section>\n\t\t\t\t<\/div>","protected":false},"excerpt":{"rendered":"<p>Mes services On vous propose plusieurs services pour votre vie personnelle et aux entreprises Contactez-nous Formations en d\u00e9veloppement des Soft &#038; Social Skills Animation des \u00e9v\u00e9nements et conf\u00e9rences Animation des \u00e9v\u00e9nements &#038; Manifestations Coaching des Leaders &#038; influenceurs Formation &#038; Coaching en prise de parole en public Consultations personnelles Animation des \u00e9v\u00e9nements Team Building Animation [&hellip;]<\/p>","protected":false},"author":1,"featured_media":0,"parent":0,"menu_order":0,"comment_status":"closed","ping_status":"closed","template":"elementor_header_footer","meta":{"_acf_changed":false,"footnotes":""},"class_list":["post-83","page","type-page","status-publish","hentry"],"acf":[],"yoast_head":"<!-- This site is optimized with the Yoast SEO plugin v23.4 - https:\/\/yoast.com\/wordpress\/plugins\/seo\/ -->\n<title>Our Services - Atef Hamrouni<\/title>\n<meta name=\"robots\" content=\"index, follow, max-snippet:-1, max-image-preview:large, max-video-preview:-1\" \/>\n<link rel=\"canonical\" href=\"http:\/\/atefhamrouni.com\/ar\/our-services\/\" \/>\n<meta property=\"og:locale\" content=\"ar_AR\" \/>\n<meta property=\"og:type\" content=\"article\" \/>\n<meta property=\"og:title\" content=\"Our Services - Atef Hamrouni\" \/>\n<meta property=\"og:description\" content=\"Mes services On vous propose plusieurs services pour votre vie personnelle et aux entreprises Contactez-nous Formations en d\u00e9veloppement des Soft &#038; Social Skills Animation des \u00e9v\u00e9nements et conf\u00e9rences Animation des \u00e9v\u00e9nements &#038; Manifestations Coaching des Leaders &#038; influenceurs Formation &#038; Coaching en prise de parole en public Consultations personnelles Animation des \u00e9v\u00e9nements Team Building Animation [&hellip;]\" \/>\n<meta property=\"og:url\" content=\"http:\/\/atefhamrouni.com\/ar\/our-services\/\" \/>\n<meta property=\"og:site_name\" content=\"Atef Hamrouni\" \/>\n<meta property=\"article:modified_time\" content=\"2024-04-19T11:17:28+00:00\" \/>\n<meta property=\"og:image\" content=\"https:\/\/atefhamrouni.com\/wp-content\/uploads\/2024\/04\/chuttersnap-cX2vElQ5aHk-unsplash-scaled.webp\" \/>\n<meta name=\"twitter:card\" content=\"summary_large_image\" \/>\n<script type=\"application\/ld+json\" class=\"yoast-schema-graph\">{\"@context\":\"https:\/\/schema.org\",\"@graph\":[{\"@type\":\"WebPage\",\"@id\":\"https:\/\/atefhamrouni.com\/our-services\/\",\"url\":\"https:\/\/atefhamrouni.com\/our-services\/\",\"name\":\"Our Services - Atef Hamrouni\",\"isPartOf\":{\"@id\":\"https:\/\/atefhamrouni.com\/#website\"},\"primaryImageOfPage\":{\"@id\":\"https:\/\/atefhamrouni.com\/our-services\/#primaryimage\"},\"image\":{\"@id\":\"https:\/\/atefhamrouni.com\/our-services\/#primaryimage\"},\"thumbnailUrl\":\"https:\/\/atefhamrouni.com\/wp-content\/uploads\/2024\/04\/chuttersnap-cX2vElQ5aHk-unsplash-scaled.webp\",\"datePublished\":\"2023-08-01T09:14:50+00:00\",\"dateModified\":\"2024-04-19T11:17:28+00:00\",\"breadcrumb\":{\"@id\":\"https:\/\/atefhamrouni.com\/our-services\/#breadcrumb\"},\"inLanguage\":\"ar\",\"potentialAction\":[{\"@type\":\"ReadAction\",\"target\":[\"https:\/\/atefhamrouni.com\/our-services\/\"]}]},{\"@type\":\"ImageObject\",\"inLanguage\":\"ar\",\"@id\":\"https:\/\/atefhamrouni.com\/our-services\/#primaryimage\",\"url\":\"https:\/\/atefhamrouni.com\/wp-content\/uploads\/2024\/04\/chuttersnap-cX2vElQ5aHk-unsplash-scaled.webp\",\"contentUrl\":\"https:\/\/atefhamrouni.com\/wp-content\/uploads\/2024\/04\/chuttersnap-cX2vElQ5aHk-unsplash-scaled.webp\"},{\"@type\":\"BreadcrumbList\",\"@id\":\"https:\/\/atefhamrouni.com\/our-services\/#breadcrumb\",\"itemListElement\":[{\"@type\":\"ListItem\",\"position\":1,\"name\":\"Accueil\",\"item\":\"https:\/\/atefhamrouni.com\/\"},{\"@type\":\"ListItem\",\"position\":2,\"name\":\"Our Services\"}]},{\"@type\":\"WebSite\",\"@id\":\"https:\/\/atefhamrouni.com\/#website\",\"url\":\"https:\/\/atefhamrouni.com\/\",\"name\":\"Atef Hamrouni\",\"description\":\"\",\"publisher\":{\"@id\":\"https:\/\/atefhamrouni.com\/#organization\"},\"potentialAction\":[{\"@type\":\"SearchAction\",\"target\":{\"@type\":\"EntryPoint\",\"urlTemplate\":\"https:\/\/atefhamrouni.com\/?s={search_term_string}\"},\"query-input\":{\"@type\":\"PropertyValueSpecification\",\"valueRequired\":true,\"valueName\":\"search_term_string\"}}],\"inLanguage\":\"ar\"},{\"@type\":\"Organization\",\"@id\":\"https:\/\/atefhamrouni.com\/#organization\",\"name\":\"Atef Hamrouni\",\"url\":\"https:\/\/atefhamrouni.com\/\",\"logo\":{\"@type\":\"ImageObject\",\"inLanguage\":\"ar\",\"@id\":\"https:\/\/atefhamrouni.com\/#\/schema\/logo\/image\/\",\"url\":\"https:\/\/atefhamrouni.com\/wp-content\/uploads\/2024\/04\/cropped-WhatsApp_Image_2024-03-31_a_22.15.45_f039cc27-removebg-preview.png\",\"contentUrl\":\"https:\/\/atefhamrouni.com\/wp-content\/uploads\/2024\/04\/cropped-WhatsApp_Image_2024-03-31_a_22.15.45_f039cc27-removebg-preview.png\",\"width\":973,\"height\":207,\"caption\":\"Atef Hamrouni\"},\"image\":{\"@id\":\"https:\/\/atefhamrouni.com\/#\/schema\/logo\/image\/\"}}]}<\/script>\n<!-- \/ Yoast SEO plugin. -->","yoast_head_json":{"title":"Our Services - Atef Hamrouni","robots":{"index":"index","follow":"follow","max-snippet":"max-snippet:-1","max-image-preview":"max-image-preview:large","max-video-preview":"max-video-preview:-1"},"canonical":"http:\/\/atefhamrouni.com\/ar\/our-services\/","og_locale":"ar_AR","og_type":"article","og_title":"Our Services - Atef Hamrouni","og_description":"Mes services On vous propose plusieurs services pour votre vie personnelle et aux entreprises Contactez-nous Formations en d\u00e9veloppement des Soft &#038; Social Skills Animation des \u00e9v\u00e9nements et conf\u00e9rences Animation des \u00e9v\u00e9nements &#038; Manifestations Coaching des Leaders &#038; influenceurs Formation &#038; Coaching en prise de parole en public Consultations personnelles Animation des \u00e9v\u00e9nements Team Building Animation [&hellip;]","og_url":"http:\/\/atefhamrouni.com\/ar\/our-services\/","og_site_name":"Atef Hamrouni","article_modified_time":"2024-04-19T11:17:28+00:00","og_image":[{"url":"https:\/\/atefhamrouni.com\/wp-content\/uploads\/2024\/04\/chuttersnap-cX2vElQ5aHk-unsplash-scaled.webp"}],"twitter_card":"summary_large_image","schema":{"@context":"https:\/\/schema.org","@graph":[{"@type":"WebPage","@id":"https:\/\/atefhamrouni.com\/our-services\/","url":"https:\/\/atefhamrouni.com\/our-services\/","name":"Our Services - Atef Hamrouni","isPartOf":{"@id":"https:\/\/atefhamrouni.com\/#website"},"primaryImageOfPage":{"@id":"https:\/\/atefhamrouni.com\/our-services\/#primaryimage"},"image":{"@id":"https:\/\/atefhamrouni.com\/our-services\/#primaryimage"},"thumbnailUrl":"https:\/\/atefhamrouni.com\/wp-content\/uploads\/2024\/04\/chuttersnap-cX2vElQ5aHk-unsplash-scaled.webp","datePublished":"2023-08-01T09:14:50+00:00","dateModified":"2024-04-19T11:17:28+00:00","breadcrumb":{"@id":"https:\/\/atefhamrouni.com\/our-services\/#breadcrumb"},"inLanguage":"ar","potentialAction":[{"@type":"ReadAction","target":["https:\/\/atefhamrouni.com\/our-services\/"]}]},{"@type":"ImageObject","inLanguage":"ar","@id":"https:\/\/atefhamrouni.com\/our-services\/#primaryimage","url":"https:\/\/atefhamrouni.com\/wp-content\/uploads\/2024\/04\/chuttersnap-cX2vElQ5aHk-unsplash-scaled.webp","contentUrl":"https:\/\/atefhamrouni.com\/wp-content\/uploads\/2024\/04\/chuttersnap-cX2vElQ5aHk-unsplash-scaled.webp"},{"@type":"BreadcrumbList","@id":"https:\/\/atefhamrouni.com\/our-services\/#breadcrumb","itemListElement":[{"@type":"ListItem","position":1,"name":"Accueil","item":"https:\/\/atefhamrouni.com\/"},{"@type":"ListItem","position":2,"name":"Our Services"}]},{"@type":"WebSite","@id":"https:\/\/atefhamrouni.com\/#website","url":"https:\/\/atefhamrouni.com\/","name":"Atef Hamrouni","description":"","publisher":{"@id":"https:\/\/atefhamrouni.com\/#organization"},"potentialAction":[{"@type":"SearchAction","target":{"@type":"EntryPoint","urlTemplate":"https:\/\/atefhamrouni.com\/?s={search_term_string}"},"query-input":{"@type":"PropertyValueSpecification","valueRequired":true,"valueName":"search_term_string"}}],"inLanguage":"ar"},{"@type":"Organization","@id":"https:\/\/atefhamrouni.com\/#organization","name":"Atef Hamrouni","url":"https:\/\/atefhamrouni.com\/","logo":{"@type":"ImageObject","inLanguage":"ar","@id":"https:\/\/atefhamrouni.com\/#\/schema\/logo\/image\/","url":"https:\/\/atefhamrouni.com\/wp-content\/uploads\/2024\/04\/cropped-WhatsApp_Image_2024-03-31_a_22.15.45_f039cc27-removebg-preview.png","contentUrl":"https:\/\/atefhamrouni.com\/wp-content\/uploads\/2024\/04\/cropped-WhatsApp_Image_2024-03-31_a_22.15.45_f039cc27-removebg-preview.png","width":973,"height":207,"caption":"Atef Hamrouni"},"image":{"@id":"https:\/\/atefhamrouni.com\/#\/schema\/logo\/image\/"}}]}},"_links":{"self":[{"href":"http:\/\/atefhamrouni.com\/ar\/wp-json\/wp\/v2\/pages\/83","targetHints":{"allow":["GET"]}}],"collection":[{"href":"http:\/\/atefhamrouni.com\/ar\/wp-json\/wp\/v2\/pages"}],"about":[{"href":"http:\/\/atefhamrouni.com\/ar\/wp-json\/wp\/v2\/types\/page"}],"author":[{"embeddable":true,"href":"http:\/\/atefhamrouni.com\/ar\/wp-json\/wp\/v2\/users\/1"}],"replies":[{"embeddable":true,"href":"http:\/\/atefhamrouni.com\/ar\/wp-json\/wp\/v2\/comments?post=83"}],"version-history":[{"count":27,"href":"http:\/\/atefhamrouni.com\/ar\/wp-json\/wp\/v2\/pages\/83\/revisions"}],"predecessor-version":[{"id":2617,"href":"http:\/\/atefhamrouni.com\/ar\/wp-json\/wp\/v2\/pages\/83\/revisions\/2617"}],"wp:attachment":[{"href":"http:\/\/atefhamrouni.com\/ar\/wp-json\/wp\/v2\/media?parent=83"}],"curies":[{"name":"wp","href":"https:\/\/api.w.org\/{rel}","templated":true}]}}